{"id":583,"date":"2022-11-14T12:06:33","date_gmt":"2022-11-14T12:06:33","guid":{"rendered":"https:\/\/elearning.euvirtualschools.eu\/home\/"},"modified":"2023-05-31T10:52:38","modified_gmt":"2023-05-31T10:52:38","slug":"home","status":"publish","type":"page","link":"https:\/\/elearning.euvirtualschools.eu\/de\/","title":{"rendered":"Home"},"content":{"rendered":"<h1>EIN RAHMEN F\u00dcR DIE GESTALTUNG UND UMSETZUNG EUROP\u00c4ISCHER VIRTUELLER SCHULEN<\/h1>\n<div>\n<p><span>Die eLearning-Plattform der EUVHS umfasst Material f\u00fcr Lehrkr\u00e4fte, Schulleitungsteams, Unterst\u00fctzungspersonal, Lerndesigner, und Eltern, das sich auf die virtuelle Schulbildung im Sekundar- und Primarbereich bezieht. Die Plattform enth\u00e4lt einen Kurs zum Selbststudium mit 4 Modulen zum Thema Online-Unterricht sowie eine Sammlung von Aktivit\u00e4ten, die darauf abzielen, die Kompetenzen der Sch\u00fclerinnen und Sch\u00fcler zu f\u00f6rdern, um effektiv online zu lernen. Dar\u00fcber hinaus ist auch ein Repertoire an verschiedenen Bildungsressourcen verf\u00fcgbar.<\/span><\/p>\n<\/div>\n<div>\n<p>        <img decoding=\"async\" src=\"\/wp-content\/uploads\/2023\/01\/OERs.png\" alt=\"\"><\/p>\n<h3>OFFENE BILDUNGSRESSOURCEN<\/h3>\n<p><a href=\"\/de\/open-educational-resources\/\"><\/a><\/p>\n<\/div>\n<div>\n<p>        <img decoding=\"async\" src=\"\/wp-content\/uploads\/2023\/01\/teachersCourse.png\" alt=\"\"><\/p>\n<h3>KURS F\u00dcR LEHRKR\u00c4FTE <\/h3>\n<p><a href=\"\/de\/courses\/teachers-course\/\"><\/a><\/p>\n<\/div>\n<div>\n<p>        <img decoding=\"async\" src=\"\/wp-content\/uploads\/2023\/01\/studentsActivities.png\" alt=\"\"><\/p>\n<h3>AKTIVIT\u00c4TEN F\u00dcR SCH\u00dcLERINNEN UND SCH\u00dcLER<\/h3>\n<p><a href=\"\/de\/courses\/student-activities\/\"><\/a><\/p>\n<\/div>\n<p><!--more--><br \/>\n<!-- {\"type\":\"layout\",\"children\":[{\"type\":\"section\",\"props\":{\"css\":\".el-section{\\n\\tbackground: #b9ddf4;\\n}\",\"height\":\"expand\",\"image_position\":\"center-center\",\"style\":\"default\",\"title_breakpoint\":\"xl\",\"title_position\":\"top-left\",\"title_rotation\":\"left\",\"vertical_align\":\"middle\",\"width\":\"default\"},\"children\":[{\"type\":\"row\",\"children\":[{\"type\":\"column\",\"props\":{\"image_position\":\"center-center\",\"media_overlay_gradient\":\"\",\"position_sticky_breakpoint\":\"m\"},\"children\":[{\"type\":\"headline\",\"props\":{\"content\":\"EIN RAHMEN F\\u00dcR DIE GESTALTUNG UND UMSETZUNG EUROP\\u00c4ISCHER VIRTUELLER SCHULEN\",\"css\":\".el-element{\\n\\tmargin-bottom: 40px;\\n    color: #3E5C6D;\\n    text-transform: uppercase;\\n    font-weight: 600;\\n}\",\"margin\":\"large\",\"text_align\":\"center\",\"title_element\":\"h1\",\"title_style\":\"h2\"}},{\"type\":\"text\",\"props\":{\"column_breakpoint\":\"m\",\"content\":\"\n\n<p><span>Die eLearning-Plattform der EUVHS umfasst Material f\\u00fcr Lehrkr\\u00e4fte, Schulleitungsteams, Unterst\\u00fctzungspersonal, Lerndesigner, und Eltern, das sich auf die virtuelle Schulbildung im Sekundar- und Primarbereich bezieht. Die Plattform enth\\u00e4lt einen Kurs zum Selbststudium mit 4 Modulen zum Thema Online-Unterricht sowie eine Sammlung von Aktivit\\u00e4ten, die darauf abzielen, die Kompetenzen der Sch\\u00fclerinnen und Sch\\u00fcler zu f\\u00f6rdern, um effektiv online zu lernen. Dar\\u00fcber hinaus ist auch ein Repertoire an verschiedenen Bildungsressourcen verf\\u00fcgbar.<\\\/span><\\\/p>\",\"margin\":\"default\"}}]}]},{\"type\":\"row\",\"props\":{\"css\":\".el-row .el-image{\\n\\theight:300px;\\n    width: auto;\\n}\",\"layout\":\"1-3,1-3,1-3\"},\"children\":[{\"type\":\"column\",\"props\":{\"image_position\":\"center-center\",\"media_overlay_gradient\":\"\",\"position_sticky_breakpoint\":\"m\",\"width_medium\":\"1-3\"},\"children\":[{\"type\":\"panel\",\"props\":{\"content_column_breakpoint\":\"m\",\"css\":\".el-title{\\n\\tcolor: #3e5c6d;\\n    font-weight: 600;\\n    font-size:25px;\\n}\",\"icon_width\":80,\"image\":\"wp-content\\\/uploads\\\/2023\\\/01\\\/OERs.png\",\"image_align\":\"top\",\"image_grid_breakpoint\":\"m\",\"image_grid_width\":\"1-2\",\"image_svg_color\":\"emphasis\",\"link\":\"de\\\/open-educational-resources\\\/\",\"link_style\":\"default\",\"link_text\":\"\",\"margin\":\"default\",\"meta_align\":\"below-title\",\"meta_element\":\"div\",\"meta_style\":\"text-meta\",\"panel_link\":true,\"text_align\":\"center\",\"title\":\"OFFENE BILDUNGSRESSOURCEN\",\"title_align\":\"top\",\"title_element\":\"h3\",\"title_grid_breakpoint\":\"m\",\"title_grid_width\":\"1-2\",\"title_hover_style\":\"reset\"}}]},{\"type\":\"column\",\"props\":{\"image_position\":\"center-center\",\"media_overlay_gradient\":\"\",\"position_sticky_breakpoint\":\"m\",\"width_medium\":\"1-3\"},\"children\":[{\"type\":\"panel\",\"props\":{\"class\":\"home-course\",\"content_column_breakpoint\":\"m\",\"css\":\".el-title{\\n\\tcolor: #3e5c6d;\\n    font-weight: 600;\\n    font-size:25px;\\n}\",\"icon_width\":80,\"image\":\"wp-content\\\/uploads\\\/2023\\\/01\\\/teachersCourse.png\",\"image_align\":\"top\",\"image_grid_breakpoint\":\"m\",\"image_grid_width\":\"1-2\",\"image_svg_color\":\"emphasis\",\"link\":\"de\\\/courses\\\/teachers-course\\\/\",\"link_style\":\"default\",\"link_text\":\"\",\"margin\":\"default\",\"meta_align\":\"below-title\",\"meta_element\":\"div\",\"meta_style\":\"text-meta\",\"panel_link\":true,\"text_align\":\"center\",\"title\":\"KURS F\\u00dcR LEHRKR\\u00c4FTE \",\"title_align\":\"top\",\"title_element\":\"h3\",\"title_grid_breakpoint\":\"m\",\"title_grid_width\":\"1-2\",\"title_hover_style\":\"reset\"}}]},{\"type\":\"column\",\"props\":{\"image_position\":\"center-center\",\"media_overlay_gradient\":\"\",\"position_sticky_breakpoint\":\"m\",\"width_medium\":\"1-3\"},\"children\":[{\"type\":\"panel\",\"props\":{\"class\":\"home-course\",\"content_column_breakpoint\":\"m\",\"css\":\".el-title{\\n\\tcolor: #3e5c6d;\\n    font-weight: 600;\\n    font-size:25px;\\n}\",\"icon_width\":80,\"image\":\"wp-content\\\/uploads\\\/2023\\\/01\\\/studentsActivities.png\",\"image_align\":\"top\",\"image_grid_breakpoint\":\"m\",\"image_grid_width\":\"1-2\",\"image_svg_color\":\"emphasis\",\"link\":\"de\\\/courses\\\/student-activities\\\/\",\"link_style\":\"default\",\"link_text\":\"\",\"margin\":\"default\",\"meta_align\":\"below-title\",\"meta_element\":\"div\",\"meta_style\":\"text-meta\",\"panel_link\":true,\"text_align\":\"center\",\"title\":\"AKTIVIT\\u00c4TEN F\\u00dcR SCH\\u00dcLERINNEN UND SCH\\u00dcLER\",\"title_align\":\"top\",\"title_element\":\"h3\",\"title_grid_breakpoint\":\"m\",\"title_grid_width\":\"1-2\",\"title_hover_style\":\"reset\"}}]}]}]}],\"version\":\"3.0.10\"} --><\/p>\n","protected":false},"excerpt":{"rendered":"<p>EIN RAHMEN F\u00dcR DIE GESTALTUNG UND UMSETZUNG EUROP\u00c4ISCHER VIRTUELLER SCHULEN Die eLearning-Plattform der EUVHS umfasst Material f\u00fcr Lehrkr\u00e4fte, Schulleitungsteams, Unterst\u00fctzungspersonal, Lerndesigner, und Eltern, das sich..<\/p>\n","protected":false},"author":1,"featured_media":0,"parent":0,"menu_order":0,"comment_status":"closed","ping_status":"closed","template":"","meta":{"_acf_changed":false,"_bbp_topic_count":0,"_bbp_reply_count":0,"_bbp_total_topic_count":0,"_bbp_total_reply_count":0,"_bbp_voice_count":0,"_bbp_anonymous_reply_count":0,"_bbp_topic_count_hidden":0,"_bbp_reply_count_hidden":0,"_bbp_forum_subforum_count":0,"footnotes":""},"class_list":["post-583","page","type-page","status-publish","hentry"],"acf":[],"_links":{"self":[{"href":"https:\/\/elearning.euvirtualschools.eu\/de\/wp-json\/wp\/v2\/pages\/583","targetHints":{"allow":["GET"]}}],"collection":[{"href":"https:\/\/elearning.euvirtualschools.eu\/de\/wp-json\/wp\/v2\/pages"}],"about":[{"href":"https:\/\/elearning.euvirtualschools.eu\/de\/wp-json\/wp\/v2\/types\/page"}],"author":[{"embeddable":true,"href":"https:\/\/elearning.euvirtualschools.eu\/de\/wp-json\/wp\/v2\/users\/1"}],"replies":[{"embeddable":true,"href":"https:\/\/elearning.euvirtualschools.eu\/de\/wp-json\/wp\/v2\/comments?post=583"}],"version-history":[{"count":3,"href":"https:\/\/elearning.euvirtualschools.eu\/de\/wp-json\/wp\/v2\/pages\/583\/revisions"}],"predecessor-version":[{"id":1020,"href":"https:\/\/elearning.euvirtualschools.eu\/de\/wp-json\/wp\/v2\/pages\/583\/revisions\/1020"}],"wp:attachment":[{"href":"https:\/\/elearning.euvirtualschools.eu\/de\/wp-json\/wp\/v2\/media?parent=583"}],"curies":[{"name":"wp","href":"https:\/\/api.w.org\/{rel}","templated":true}]}}